{"id":256,"date":"2022-10-27T12:28:04","date_gmt":"2022-10-27T12:28:04","guid":{"rendered":"https:\/\/jal-voyages.com\/?page_id=256"},"modified":"2023-07-31T20:54:24","modified_gmt":"2023-07-31T20:54:24","slug":"amazone-lodges-oyack","status":"publish","type":"page","link":"https:\/\/jal-voyages.com\/index.php\/amazone-lodges-oyack\/","title":{"rendered":"Amazone Lodges Oyack"},"content":{"rendered":"<div data-colibri-id=\"256-c1\" class=\"style-234 style-local-256-c1 position-relative\">\n  <!---->\n  <div data-colibri-component=\"section\" data-colibri-id=\"256-c2\" id=\"about\" class=\"h-section h-section-global-spacing d-flex align-items-lg-center align-items-md-center align-items-center style-252 style-local-256-c2 position-relative\">\n    <!---->\n    <!---->\n    <div class=\"h-section-grid-container h-section-boxed-container\">\n      <!---->\n      <div data-colibri-id=\"256-c3\" class=\"h-row-container gutters-row-lg-0 gutters-row-md-0 gutters-row-0 gutters-row-v-lg-0 gutters-row-v-md-0 gutters-row-v-0 style-253 style-local-256-c3 position-relative\">\n        <!---->\n        <div class=\"h-row justify-content-lg-center justify-content-md-center justify-content-center align-items-lg-stretch align-items-md-stretch align-items-stretch gutters-col-lg-0 gutters-col-md-0 gutters-col-0 gutters-col-v-lg-0 gutters-col-v-md-0 gutters-col-v-0\">\n          <!---->\n          <div class=\"h-column h-column-container d-flex h-col-lg-auto h-col-md-auto h-col-auto style-254-outer style-local-256-c4-outer\">\n            <div data-colibri-id=\"256-c4\" class=\"d-flex h-flex-basis h-column__inner h-px-lg-0 h-px-md-0 h-px-0 v-inner-lg-0 v-inner-md-0 v-inner-0 style-254 style-local-256-c4 position-relative\">\n              <!---->\n              <!---->\n              <div class=\"w-100 h-y-container h-column__content h-column__v-align flex-basis-100 align-self-lg-start align-self-md-start align-self-start\">\n                <!---->\n                <div data-colibri-id=\"256-c5\" class=\"h-global-transition-all h-heading style-255 style-local-256-c5 position-relative h-element\">\n                  <!---->\n                  <div class=\"h-heading__outer style-255 style-local-256-c5\">\n                    <!---->\n                    <!---->\n                    <h5 class=\"\">&nbsp;Bienvenue \u00e0 ROURA !<\/h5>\n                  <\/div>\n                <\/div>\n                <div data-colibri-id=\"256-c6\" class=\"h-global-transition-all h-heading style-256 style-local-256-c6 position-relative h-element\">\n                  <!---->\n                  <div class=\"h-heading__outer style-256 style-local-256-c6\">\n                    <!---->\n                    <!---->\n                    <h6 class=\"\">Notre lodge, entre fleuve, for\u00eat et collines, vous accueille dans ses villas amazoniennes ! Situ\u00e9es \u00e0 Roura, au bord de la rivi\u00e8re Oyack, nos villas toutes \u00e9quip\u00e9es vous offriront le confort d&rsquo;une maison en plus d&rsquo;un d\u00e9paysement total.Vous\n                      profiterez de l&rsquo;ambiance paisible du site entour\u00e9 d&rsquo;une nature luxuriante. Le lodge vous propose de nombreuses activit\u00e9s sur place, mais aussi des excursions dans cette r\u00e9gion riche en biodiversit\u00e9. De plus, le lieu est propice \u00e0\n                      l&rsquo;organisation de tous vos \u00e9v\u00e9nements tels que des anniversaires, s\u00e9minaires et mariages.<\/h6>\n                  <\/div>\n                <\/div>\n                <div data-colibri-id=\"256-c7\" class=\"h-text h-text-component style-257 style-local-256-c7 position-relative h-element\">\n                  <!---->\n                  <!---->\n                  <div class=\"\">\n                    <p>B\u00e9n\u00e9ficiez gratuitement de notre piscine, ainsi\n                      <br>que des nos terrains multisports : tennis, basket,\n                      <br>volley, p\u00e9tanque&#8230;\n                      <br>Nous faisons \u00e9galement la location de :\n                      <br>&#8211; V\u00e9los avec assistance \u00e9lectrique;\n                      <br>&#8211; Cano\u00eb-Kayak;\n                      <br>&#8211; Paddle\n                      <br>\n                    <\/p>\n                  <\/div>\n                <\/div>\n              <\/div>\n            <\/div>\n          <\/div>\n          <div class=\"h-column h-column-container d-flex h-col-lg-auto h-col-md-auto h-col-auto style-258-outer style-local-256-c8-outer\">\n            <div data-colibri-id=\"256-c8\" class=\"d-flex h-flex-basis h-column__inner h-ui-empty-state-container h-px-lg-2 h-px-md-2 h-px-2 v-inner-lg-2 v-inner-md-2 v-inner-2 style-258 style-local-256-c8 position-relative\">\n              <!---->\n              <!---->\n              <div class=\"w-100 h-y-container h-column__content h-column__v-align flex-basis-100\">\n                <!---->\n              <\/div>\n            <\/div>\n          <\/div>\n        <\/div>\n      <\/div>\n    <\/div>\n  <\/div>\n  <div data-colibri-component=\"section\" data-colibri-id=\"256-c9\" id=\"overlappable\" class=\"h-section h-section-global-spacing d-flex align-items-lg-center align-items-md-center align-items-center style-235 style-local-256-c9 position-relative\">\n    <!---->\n    <!---->\n    <div class=\"h-section-grid-container h-section-boxed-container\">\n      <!---->\n      <div data-colibri-id=\"256-c10\" class=\"h-row-container gutters-row-lg-2 gutters-row-md-0 gutters-row-2 gutters-row-v-lg-2 gutters-row-v-md-0 gutters-row-v-2 style-236 style-local-256-c10 position-relative\">\n        <!---->\n        <div class=\"h-row justify-content-lg-center justify-content-md-center justify-content-center align-items-lg-stretch align-items-md-stretch align-items-stretch gutters-col-lg-2 gutters-col-md-0 gutters-col-2 gutters-col-v-lg-2 gutters-col-v-md-0 gutters-col-v-2\">\n          <!---->\n          <div class=\"h-column h-column-container d-flex h-col-lg-4 h-col-md-4 h-col-12 style-237-outer style-local-256-c11-outer\">\n            <div data-colibri-id=\"256-c11\" class=\"d-flex h-flex-basis h-column__inner h-px-lg-2 h-px-md-3 h-px-2 v-inner-lg-0 v-inner-md-3 v-inner-2 style-237 style-local-256-c11 position-relative\">\n              <!---->\n              <!---->\n              <div class=\"w-100 h-y-container h-column__content h-column__v-align flex-basis-100 align-self-lg-start align-self-md-start align-self-start\">\n                <!---->\n                <div data-colibri-id=\"256-c12\" class=\"h-global-transition-all h-heading style-239 style-local-256-c12 position-relative h-element\">\n                  <!---->\n                  <div class=\"h-heading__outer style-239 style-local-256-c12\">\n                    <!---->\n                    <!---->\n                    <h5 class=\"\">Villas \u00ab\u00a0Fleur\u00a0\u00bb<\/h5>\n                  <\/div>\n                <\/div>\n                <div data-colibri-id=\"256-c13\" class=\"h-text h-text-component style-240 style-local-256-c13 position-relative h-element\">\n                  <!---->\n                  <!---->\n                  <div class=\"\">\n                    <p>Villas T3 de Plain-pied&nbsp;: 6 personnes soit 4 adultes et 2 enfants.\n                      <br>Salle de s\u00e9jour avec 2 chauffeuses clic-clac\n                      <br>Cuisine\n                      <br>Bar\n                      <br>Salle d&rsquo;eau \/ WC&nbsp;\n                      <br>2 chambres climatis\u00e9es ( 1 \u00e0 un lit double et 1 \u00e0 2 lits simples)\n                      <br>\n                      <br>TERRASSE EXTERIEURE AVEC ESPACE HAMAC (hamac non fourni) et BARBECUE<\/p>\n                  <\/div>\n                <\/div>\n              <\/div>\n            <\/div>\n          <\/div>\n          <div class=\"h-column h-column-container d-flex h-col-lg-4 h-col-md-4 h-col-12 style-237-outer style-local-256-c14-outer\">\n            <div data-colibri-id=\"256-c14\" class=\"d-flex h-flex-basis h-column__inner h-px-lg-2 h-px-md-3 h-px-2 v-inner-lg-0 v-inner-md-3 v-inner-2 style-237 style-local-256-c14 position-relative\">\n              <!---->\n              <!---->\n              <div class=\"w-100 h-y-container h-column__content h-column__v-align flex-basis-100 align-self-lg-start align-self-md-start align-self-start\">\n                <!---->\n                <div data-colibri-id=\"256-c15\" class=\"h-global-transition-all h-heading style-239 style-local-256-c15 position-relative h-element\">\n                  <!---->\n                  <div class=\"h-heading__outer style-239 style-local-256-c15\">\n                    <!---->\n                    <!---->\n                    <h5 class=\"\">Villas \u00ab\u00a0palmier\u00a0\u00bb<\/h5>\n                  <\/div>\n                <\/div>\n                <div data-colibri-id=\"256-c16\" class=\"h-text h-text-component style-240 style-local-256-c16 position-relative h-element\">\n                  <!---->\n                  <!---->\n                  <div class=\"\">\n                    <p>Villas T4 DUPLEX&nbsp;: 8 personnes soit 6 adultes et 2 enfants.\n                      <br>REZ-DE-CHAUSS\u00c9E :&nbsp;\n                      <br>Salle de s\u00e9jour avec 2 chauffeuses clic-clac\n                      <br>Cuisine\n                      <br>Bar\n                      <br>Salle d&rsquo;eau \/ WC&nbsp;\n                      <br>2 chambres climatis\u00e9es ( 1 \u00e0 un lit double et 1 \u00e0 2 lits simples)\n                      <br>\n                      <br>A L\u2019\u00c9TAGE :\n                      <br>Grande chambre climatis\u00e9e avec un lit double\n                      <br>Salle d&rsquo;eau \/ WC\n                      <br>Petite terrasse.\n                      <br>\n                      <br>TERRASSE EXT\u00c9RIEURE AVEC ESPACE HAMAC (hamac non fourni) et BARBECUE<\/p>\n                  <\/div>\n                <\/div>\n              <\/div>\n            <\/div>\n          <\/div>\n          <div class=\"h-column h-column-container d-flex h-col-lg-4 h-col-md-4 h-col-12 style-237-outer style-local-256-c17-outer\">\n            <div data-colibri-id=\"256-c17\" class=\"d-flex h-flex-basis h-column__inner h-px-lg-2 h-px-md-3 h-px-2 v-inner-lg-0 v-inner-md-3 v-inner-2 style-237 style-local-256-c17 position-relative\">\n              <!---->\n              <!---->\n              <div class=\"w-100 h-y-container h-column__content h-column__v-align flex-basis-100 align-self-lg-start align-self-md-start align-self-start\">\n                <!---->\n                <div data-colibri-id=\"256-c18\" class=\"h-global-transition-all h-heading style-239 style-local-256-c18 position-relative h-element\">\n                  <!---->\n                  <div class=\"h-heading__outer style-239 style-local-256-c18\">\n                    <!---->\n                    <!---->\n                    <h5 class=\"\">villas \u00ab\u00a0fruit\u00a0\u00bb<\/h5>\n                  <\/div>\n                <\/div>\n                <div data-colibri-id=\"256-c19\" class=\"h-text h-text-component style-240 style-local-256-c19 position-relative h-element\">\n                  <!---->\n                  <!---->\n                  <div class=\"\">\n                    <p>Villas T3 DUPLEX&nbsp;: 4 personnes soit 2 adultes et 2 enfants.\n                      <br>REZ-DE-CHAUSS\u00c9E :\n                      <br>Salle de s\u00e9jour avec cuisine ouverte&nbsp;\n                      <br>Bar\n                      <br>Salle d&rsquo;eau \/ WC&nbsp;\n                      <br>1 chambres climatis\u00e9e (2 lits simples)\n                      <br>\n                      <br>A L\u2019\u00c9TAGE\n                      <br>Chambre climatis\u00e9e avec un lit double\n                      <br>Salle d&rsquo;eau \/ WC\n                      <br>Terrasse.\n                      <br>\n                      <br>TERRASSE EXT\u00c9RIEURE AVEC ESPACE HAMAC (hamac non fourni) et&nbsp;BARBECUE<\/p>\n                  <\/div>\n                <\/div>\n              <\/div>\n            <\/div>\n          <\/div>\n          <div class=\"h-column h-column-container d-flex h-col-lg-4 h-col-md-4 h-col-12 style-259-outer style-local-256-c20-outer\">\n            <div data-colibri-id=\"256-c20\" class=\"d-flex h-flex-basis h-column__inner h-px-lg-2 h-px-md-2 h-px-2 v-inner-lg-2 v-inner-md-2 v-inner-2 style-259 style-local-256-c20 position-relative\">\n              <!---->\n              <!---->\n              <div class=\"w-100 h-y-container h-column__content h-column__v-align flex-basis-100 align-self-lg-start align-self-md-start align-self-start\">\n                <!---->\n                <div data-colibri-id=\"256-c21\" class=\"d-block style-262 style-local-256-c21 position-relative h-element\">\n                  <!---->\n                  <div class=\"h-image__frame-container-outer\">\n                    <div class=\"h-image__frame-container\">\n                      <!---->\n                      <!---->\n                      <img loading=\"lazy\" decoding=\"async\" width=\"374\" height=\"374\" src=\"https:\/\/jal-voyages.com\/wp-content\/uploads\/2023\/05\/cropped-Villa-Fleur.png\" class=\"wp-image-372 style-262-image style-local-256-c21-image\" alt=\"\" srcset=\"https:\/\/jal-voyages.com\/wp-content\/uploads\/2023\/05\/cropped-Villa-Fleur.png 374w, https:\/\/jal-voyages.com\/wp-content\/uploads\/2023\/05\/cropped-Villa-Fleur-300x300.png 300w, https:\/\/jal-voyages.com\/wp-content\/uploads\/2023\/05\/cropped-Villa-Fleur-150x150.png 150w\" sizes=\"auto, (max-width: 374px) 100vw, 374px\" \/>\n                      <div class=\"h-image__frame h-hide-lg h-hide-md h-hide-sm style-262-frameImage style-local-256-c21-frameImage\"><\/div>\n                    <\/div>\n                  <\/div>\n                <\/div>\n              <\/div>\n            <\/div>\n          <\/div>\n          <div class=\"h-column h-column-container d-flex h-col-lg-4 h-col-md-4 h-col-12 style-260-outer style-local-256-c22-outer\">\n            <div data-colibri-id=\"256-c22\" class=\"d-flex h-flex-basis h-column__inner h-px-lg-2 h-px-md-2 h-px-2 v-inner-lg-2 v-inner-md-2 v-inner-2 style-260 style-local-256-c22 position-relative\">\n              <!---->\n              <!---->\n              <div class=\"w-100 h-y-container h-column__content h-column__v-align flex-basis-100 align-self-lg-start align-self-md-start align-self-start\">\n                <!---->\n                <div data-colibri-id=\"256-c23\" class=\"d-block style-263 style-local-256-c23 position-relative h-element\">\n                  <!---->\n                  <div class=\"h-image__frame-container-outer\">\n                    <div class=\"h-image__frame-container\">\n                      <!---->\n                      <!---->\n                      <img loading=\"lazy\" decoding=\"async\" width=\"594\" height=\"576\" src=\"https:\/\/jal-voyages.com\/wp-content\/uploads\/2023\/05\/cropped-VILLAS-PAMIER-1.jpg\" class=\"wp-image-403 style-263-image style-local-256-c23-image\" alt=\"\" srcset=\"https:\/\/jal-voyages.com\/wp-content\/uploads\/2023\/05\/cropped-VILLAS-PAMIER-1.jpg 594w, https:\/\/jal-voyages.com\/wp-content\/uploads\/2023\/05\/cropped-VILLAS-PAMIER-1-300x291.jpg 300w\" sizes=\"auto, (max-width: 594px) 100vw, 594px\" \/>\n                      <div class=\"h-image__frame h-hide-lg h-hide-md h-hide-sm style-263-frameImage style-local-256-c23-frameImage\"><\/div>\n                    <\/div>\n                  <\/div>\n                <\/div>\n              <\/div>\n            <\/div>\n          <\/div>\n          <div class=\"h-column h-column-container d-flex h-col-lg-4 h-col-md-4 h-col-12 style-261-outer style-local-256-c24-outer\">\n            <div data-colibri-id=\"256-c24\" class=\"d-flex h-flex-basis h-column__inner h-px-lg-2 h-px-md-2 h-px-2 v-inner-lg-2 v-inner-md-2 v-inner-2 style-261 style-local-256-c24 position-relative\">\n              <!---->\n              <!---->\n              <div class=\"w-100 h-y-container h-column__content h-column__v-align flex-basis-100 align-self-lg-start align-self-md-start align-self-start\">\n                <!---->\n                <div data-colibri-id=\"256-c25\" class=\"d-block style-264 style-local-256-c25 position-relative h-element\">\n                  <!---->\n                  <div class=\"h-image__frame-container-outer\">\n                    <div class=\"h-image__frame-container\">\n                      <!---->\n                      <!---->\n                      <img loading=\"lazy\" decoding=\"async\" width=\"375\" height=\"375\" src=\"https:\/\/jal-voyages.com\/wp-content\/uploads\/2023\/05\/cropped-Villa-Fruit.png\" class=\"wp-image-374 style-264-image style-local-256-c25-image\" alt=\"\" srcset=\"https:\/\/jal-voyages.com\/wp-content\/uploads\/2023\/05\/cropped-Villa-Fruit.png 375w, https:\/\/jal-voyages.com\/wp-content\/uploads\/2023\/05\/cropped-Villa-Fruit-300x300.png 300w, https:\/\/jal-voyages.com\/wp-content\/uploads\/2023\/05\/cropped-Villa-Fruit-150x150.png 150w\" sizes=\"auto, (max-width: 375px) 100vw, 375px\" \/>\n                      <div class=\"h-image__frame h-hide-lg h-hide-md h-hide-sm style-264-frameImage style-local-256-c25-frameImage\"><\/div>\n                    <\/div>\n                  <\/div>\n                <\/div>\n              <\/div>\n            <\/div>\n          <\/div>\n        <\/div>\n      <\/div>\n    <\/div>\n  <\/div>\n  <div data-colibri-component=\"section\" data-colibri-id=\"256-c26\" id=\"custom\" class=\"h-section h-section-global-spacing d-flex align-items-lg-center align-items-md-center align-items-center style-241 style-local-256-c26 position-relative\">\n    <!---->\n    <!---->\n    <div class=\"h-section-grid-container h-section-boxed-container\">\n      <!---->\n      <div data-colibri-id=\"256-c27\" class=\"h-row-container gutters-row-lg-2 gutters-row-md-2 gutters-row-0 gutters-row-v-lg-2 gutters-row-v-md-2 gutters-row-v-2 style-244 style-local-256-c27 position-relative\">\n        <!---->\n        <div class=\"h-row justify-content-lg-center justify-content-md-center justify-content-center align-items-lg-stretch align-items-md-stretch align-items-stretch gutters-col-lg-2 gutters-col-md-2 gutters-col-0 gutters-col-v-lg-2 gutters-col-v-md-2 gutters-col-v-2\">\n          <!---->\n          <div class=\"h-column h-column-container d-flex h-col-lg-auto h-col-md-auto h-col-auto style-245-outer style-local-256-c28-outer\">\n            <div data-colibri-id=\"256-c28\" class=\"d-flex h-flex-basis h-column__inner h-px-lg-2 h-px-md-2 h-px-2 v-inner-lg-2 v-inner-md-2 v-inner-2 style-245 style-local-256-c28 position-relative\">\n              <!---->\n              <!---->\n              <div class=\"w-100 h-y-container h-column__content h-column__v-align flex-basis-100 align-self-lg-start align-self-md-start align-self-start\">\n                <!---->\n                <div data-colibri-id=\"256-c29\" class=\"h-text h-text-component style-246 style-local-256-c29 position-relative h-element\">\n                  <!---->\n                  <!---->\n                  <div class=\"\">\n                    <p><strong>Horaires de mise \u00e0 disposition :<br>Arriv\u00e9e : Du Mardi au Samedi :&nbsp;<br>A partir de 14h&nbsp;<br><br>D\u00e9part : du Lundi au Dimanche :&nbsp;<br>&nbsp;Jusqu&rsquo;\u00e0 11h<br><br>Vous pouvez demander une mise \u00e0 disposition avanc\u00e9e (arriv\u00e9e \u00e0 partir de 10h) ou prolong\u00e9e (d\u00e9part jusqu&rsquo;\u00e0 17h) pour un suppl\u00e9ment de 49 \u20ac.<br><br>TARIFS LOCATION<br><br>Nouveaux tarifs \u00e0 compter du 01\/09\/2023<br><br><\/strong>\u00ab\u00a0<em>A compter du 01\/09\/2023, nous appliquons une taxe de s\u00e9jour de<\/em><strong><em> 1.40 \u20ac\/adulte\/nuit<\/em><\/strong><em> en sus des tarifs de location (taxe touristique revers\u00e9e \u00e0 la CACL)\u00a0\u00bb<\/em><strong><br><\/strong>\n                      <br>\n                    <\/p>\n                  <\/div>\n                <\/div>\n              <\/div>\n            <\/div>\n          <\/div>\n        <\/div>\n      <\/div>\n      <div data-colibri-id=\"256-c30\" class=\"h-row-container gutters-row-lg-2 gutters-row-md-2 gutters-row-0 gutters-row-v-lg-2 gutters-row-v-md-2 gutters-row-v-2 style-242 style-local-256-c30 position-relative\">\n        <!---->\n        <div class=\"h-row justify-content-lg-center justify-content-md-center justify-content-center align-items-lg-stretch align-items-md-stretch align-items-stretch gutters-col-lg-2 gutters-col-md-2 gutters-col-0 gutters-col-v-lg-2 gutters-col-v-md-2 gutters-col-v-2\">\n          <!---->\n          <div class=\"h-column h-column-container d-flex h-col-lg-auto h-col-md-auto h-col-auto style-243-outer style-local-256-c31-outer\">\n            <div data-colibri-id=\"256-c31\" class=\"d-flex h-flex-basis h-column__inner h-px-lg-2 h-px-md-2 h-px-2 v-inner-lg-2 v-inner-md-2 v-inner-2 style-243 style-local-256-c31 position-relative\">\n              <!---->\n              <!---->\n              <div class=\"w-100 h-y-container h-column__content h-column__v-align flex-basis-100 align-self-lg-start align-self-md-start align-self-start\">\n                <!---->\n                <div data-colibri-id=\"256-c32\" class=\"h-text h-text-component style-249 style-local-256-c32 position-relative h-element\">\n                  <!---->\n                  <!---->\n                  <div class=\"\">\n                    <p><strong>Villa \u00ab\u00a0Fleur\u00a0\u00bb&nbsp;: <br>179 \u20ac la nuit<br>1120 \u20ac la semaine<\/strong><\/p>\n                  <\/div>\n                <\/div>\n              <\/div>\n            <\/div>\n          <\/div>\n          <div class=\"h-column h-column-container d-flex h-col-lg-auto h-col-md-auto h-col-auto style-247-outer style-local-256-c33-outer\">\n            <div data-colibri-id=\"256-c33\" class=\"d-flex h-flex-basis h-column__inner h-px-lg-2 h-px-md-2 h-px-2 v-inner-lg-2 v-inner-md-2 v-inner-2 style-247 style-local-256-c33 position-relative\">\n              <!---->\n              <!---->\n              <div class=\"w-100 h-y-container h-column__content h-column__v-align flex-basis-100 align-self-lg-start align-self-md-start align-self-start\">\n                <!---->\n                <div data-colibri-id=\"256-c34\" class=\"h-text h-text-component style-250 style-local-256-c34 position-relative h-element\">\n                  <!---->\n                  <!---->\n                  <div class=\"\">\n                    <p><strong>Villa \u00ab\u00a0Fruit\u00a0\u00bb :&nbsp;<br>179 \u20ac la nuit<br>1120 \u20ac la semaine<\/strong><\/p>\n                  <\/div>\n                <\/div>\n              <\/div>\n            <\/div>\n          <\/div>\n          <div class=\"h-column h-column-container d-flex h-col-lg-auto h-col-md-auto h-col-auto style-248-outer style-local-256-c35-outer\">\n            <div data-colibri-id=\"256-c35\" class=\"d-flex h-flex-basis h-column__inner h-px-lg-2 h-px-md-2 h-px-2 v-inner-lg-2 v-inner-md-2 v-inner-2 style-248 style-local-256-c35 position-relative\">\n              <!---->\n              <!---->\n              <div class=\"w-100 h-y-container h-column__content h-column__v-align flex-basis-100 align-self-lg-start align-self-md-start align-self-start\">\n                <!---->\n                <div data-colibri-id=\"256-c36\" class=\"h-text h-text-component style-251 style-local-256-c36 position-relative h-element\">\n                  <!---->\n                  <!---->\n                  <div class=\"\">\n                    <p><strong>Villa \u00ab\u00a0Palmier\u00a0\u00bb :&nbsp;<br>235 \u20ac la nuit<br>1475 \u20ac la semaine<\/strong><\/p>\n                  <\/div>\n                <\/div>\n              <\/div>\n            <\/div>\n          <\/div>\n        <\/div>\n      <\/div>\n    <\/div>\n  <\/div>\n<\/div>","protected":false},"excerpt":{"rendered":"<p>&nbsp;Bienvenue \u00e0 ROURA ! Notre lodge, entre fleuve, for\u00eat et collines, vous accueille dans ses villas amazoniennes ! Situ\u00e9es \u00e0 Roura, au bord de la rivi\u00e8re Oyack, nos villas toutes \u00e9quip\u00e9es vous offriront le confort d&rsquo;une maison en plus d&rsquo;un d\u00e9paysement total.Vous profiterez de l&rsquo;ambiance paisible du site entour\u00e9 d&rsquo;une nature luxuriante. Le lodge vous [&hellip;]<\/p>\n","protected":false},"author":1,"featured_media":0,"parent":0,"menu_order":0,"comment_status":"closed","ping_status":"closed","template":"page-templates\/full-width-page.php","meta":{"footnotes":""},"class_list":["post-256","page","type-page","status-publish","hentry"],"_links":{"self":[{"href":"https:\/\/jal-voyages.com\/index.php\/wp-json\/wp\/v2\/pages\/256","targetHints":{"allow":["GET"]}}],"collection":[{"href":"https:\/\/jal-voyages.com\/index.php\/wp-json\/wp\/v2\/pages"}],"about":[{"href":"https:\/\/jal-voyages.com\/index.php\/wp-json\/wp\/v2\/types\/page"}],"author":[{"embeddable":true,"href":"https:\/\/jal-voyages.com\/index.php\/wp-json\/wp\/v2\/users\/1"}],"replies":[{"embeddable":true,"href":"https:\/\/jal-voyages.com\/index.php\/wp-json\/wp\/v2\/comments?post=256"}],"version-history":[{"count":15,"href":"https:\/\/jal-voyages.com\/index.php\/wp-json\/wp\/v2\/pages\/256\/revisions"}],"predecessor-version":[{"id":462,"href":"https:\/\/jal-voyages.com\/index.php\/wp-json\/wp\/v2\/pages\/256\/revisions\/462"}],"wp:attachment":[{"href":"https:\/\/jal-voyages.com\/index.php\/wp-json\/wp\/v2\/media?parent=256"}],"curies":[{"name":"wp","href":"https:\/\/api.w.org\/{rel}","templated":true}]}}